{"id":318,"date":"2023-06-29T19:55:47","date_gmt":"2023-06-29T19:55:47","guid":{"rendered":"https:\/\/tulipan-apartman.hu\/?page_id=318"},"modified":"2023-06-30T10:42:38","modified_gmt":"2023-06-30T10:42:38","slug":"altalanos-szerzodesi-feltetelek","status":"publish","type":"page","link":"https:\/\/tulipan-apartman.hu\/de\/altalanos-szerzodesi-feltetelek\/","title":{"rendered":"Allgemeine Bedingungen und Konditionen"},"content":{"rendered":"<p><strong>CASARES APARTMENT HANDEL UND GASTRONOMIE GMBH<\/strong><strong><\/strong><\/p>\n\n\n\n<p><strong>ALLGEMEINE VERTRAGSBEDINGUNGEN<\/strong><strong><\/strong><\/p>\n\n\n\n<p><strong>INKRAFTTRETEN: 1. APRIL 2023. <\/strong><strong>von<\/strong><\/p>\n\n\n\n<p>Diese \"Allgemeinen Gesch\u00e4ftsbedingungen\" regeln die Nutzung der Unterk\u00fcnfte und Dienstleistungen des Dienstleisters. Gem\u00e4\u00df den Allgemeinen Gesch\u00e4ftsbedingungen sind der Betreiber, der Dienstleister, die&nbsp;<strong>CASARES Wohnungshandel und Gastronomie GmbH <\/strong>(3300 Eger, Tulip\u00e1nkert utca 12.), nachstehend Dienstleister genannt, schlie\u00dft Beherbergungsvertr\u00e4ge mit Personen ab, die andere Beherbergungsleistungen in Anspruch nehmen, den Vertragspartnern.<\/p>\n\n\n\n<p><strong>Vertragsparteien<\/strong><\/p>\n\n\n\n<p>Gast: eine Person, die die Dienstleistungen der Unterkunft in Anspruch nimmt und die Dienstleistungen schriftlich \u00fcber die Website oder \u00fcber die E-Mail-Adresse info@tulipan-apartman.hu des Dienstleisters erwirbt, die die AGB zur Kenntnis nimmt und akzeptiert und sie als f\u00fcr sich selbst verbindlich anerkennt, im Folgenden als Gast bezeichnet.<\/p>\n\n\n\n<p>Dienstanbieter: <strong>CASARES Wohnung GmbH, <\/strong>im Folgenden als \"Dienstanbieter\" bezeichnet<\/p>\n\n\n\n<p>Name der Unterkunft: TULIP\u00c1N APARTMAN<\/p>\n\n\n\n<p>Firmensitz und Postanschrift: 3300 Eger, Tulip\u00e1nkert utca 12.<\/p>\n\n\n\n<p>E-Mail: <a href=\"mailto:info@tulipan-apartman.hu\">info@tulipan-apartman.hu<\/a>&nbsp;<\/p>\n\n\n\n<p>Website: www.tulipan-apartman.hu<\/p>\n\n\n\n<p>Telefon: +36 70 407 3838<\/p>\n\n\n\n<p>Steuernummer: 14058824-2-10<\/p>\n\n\n\n<p>NTAK-Registrierungsnummer: UD19012771<\/p>\n\n\n\n<p><strong>1. zweck der allgemeinen gesch\u00e4ftsbedingungen<\/strong><\/p>\n\n\n\n<p>Die Allgemeinen Gesch\u00e4ftsbedingungen (AGB) enthalten die allgemeinen Bedingungen des Rechtsverh\u00e4ltnisses zwischen dem Dienstleister und dem Gast, der ein Vertragsverh\u00e4ltnis mit dem Dienstleister eingeht. In Bezug auf die hier nicht geregelten Fragen gelten f\u00fcr die T\u00e4tigkeit des Dienstleisters die jeweils g\u00fcltigen ungarischen Gesetze und beh\u00f6rdlichen Vorschriften sowie die Bestimmungen des B\u00fcrgerlichen Gesetzbuches ohne besondere Regelung.<\/p>\n\n\n\n<p><strong>2. die Annahme der Bedingungen und Konditionen<\/strong><\/p>\n\n\n\n<p>Die Annahme der Allgemeinen Gesch\u00e4ftsbedingungen durch den Gast ist eine Voraussetzung f\u00fcr den Kauf oder die Nutzung der Dienstleistung. Die Annahme der Allgemeinen Gesch\u00e4ftsbedingungen gilt als Zustimmung, wenn der Gast die Dienstleistung des Dienstleisters in Anspruch nimmt.<\/p>\n\n\n\n<p><strong>3 Geltungsbereich der Allgemeinen Gesch\u00e4ftsbedingungen<\/strong><\/p>\n\n\n\n<p>Der Dienstanbieter beh\u00e4lt sich das Recht vor, diese AGB jederzeit ganz oder teilweise zu \u00e4ndern. Die AGB bleiben so lange in Kraft, wie der Dienstanbieter den Dienst erbringt. Die vorliegenden AGB gelten ab dem 15. Mai 2023 auf unbestimmte Zeit.<\/p>\n\n\n\n<p><strong>4. r\u00e4umlicher Geltungsbereich des Dienstes<\/strong><\/p>\n\n\n\n<p>Der Dienst des Anbieters kann sowohl von nationalen als auch von internationalen Standorten aus genutzt werden.<\/p>\n\n\n\n<p><strong>5. vertragliche Konzepte:<\/strong><\/p>\n\n\n\n<p><strong>Gast:<\/strong>&nbsp;Die Person, die die Dienstleistungen der Unterkunft in Anspruch nimmt und \u00fcber die Website Dienstleistungen erwirbt, die AGB zur Kenntnis nimmt und als f\u00fcr sich selbst verbindlich anerkennt, im Folgenden als Gast bezeichnet<\/p>\n\n\n\n<p><br><strong>Dienstanbieter:<\/strong>&nbsp;sonstige von der CASARES Apartman Kft. (nachstehend \"Dienstleister\" genannt) erbrachte Dienstleistungen f\u00fcr die vor\u00fcbergehende Unterbringung gem\u00e4\u00df den Bedingungen dieser AGB<\/p>\n\n\n\n<p><strong>Die Dienstleistung:<\/strong>&nbsp;andere Dienstleistungen im Bereich der vor\u00fcbergehenden Unterbringung<\/p>\n\n\n\n<p><br><strong>Preisangebot:<\/strong>&nbsp;ein schriftliches (E-Mail-)Angebot des Dienstleisters als Antwort auf eine schriftliche Angebotsanfrage des Gastes (per E-Mail oder durch Ausf\u00fcllen des Buchungsformulars auf der Website).<\/p>\n\n\n\n<p><br><strong>Reservierung:<\/strong>&nbsp;eine schriftliche Best\u00e4tigung der Buchung des Gastes (per E-Mail oder \u00fcber das Buchungsformular auf der Website) durch den Dienstleister, die den Gegenstand, den Ort, die Dauer und den Preis der Dienstleistung enth\u00e4lt, sowie die Angaben zur Zahlung von 50 % des Gesamtpreises der Unterkunft, die f\u00fcr den Abschluss der Buchung erforderlich sind.<\/p>\n\n\n\n<p><br><strong>Abschluss der Buchung, Validierung: <\/strong>Zahlung der 50 % in der Reservierung angegeben, um die Reservierung zu sichern. Die Reservierung wird mit der Zahlung der 50 % abgeschlossen und stellt daher einen schriftlichen Vertrag und automatische Annahme der AGB und der Buchungs- und Stornierungsbedingungen.<\/p>\n\n\n\n<p><br><strong>Zahlungs- und Stornierungsbedingungen:<\/strong> A <strong>CASARES Apartment Ltd.<\/strong> die Bedingungen f\u00fcr die Zahlung des Preises f\u00fcr die erbrachte Dienstleistung, die Buchungs- und Zahlungsmodalit\u00e4ten, den Zeitplan, die Stornierung der Buchung und den nicht erstattungsf\u00e4higen Betrag im Falle einer Stornierung.<\/p>\n\n\n\n<p><br><strong>Territorialer Geltungsbereich des Dienstes<\/strong> Der Dienst des Anbieters kann sowohl von nationalen als auch von internationalen Standorten aus genutzt werden.<\/p>\n\n\n\n<p><strong>(6) Der Dienstanbieter erbringt den Dienst gem\u00e4\u00df den folgenden Bedingungen:<\/strong><\/p>\n\n\n\n<p>6.1 Die G\u00e4steh\u00e4user sind auch f\u00fcr Familien und Gruppen von Freunden zu mieten. Maximale Anzahl von G\u00e4sten: 4 Personen. Nach vorheriger Absprache ist es m\u00f6glich, gegen einen Aufpreis (5.000 HUF\/Person\/Nacht) eine weitere Person auf dem ausziehbaren Sofa im Wohn-Esszimmer unterzubringen.<\/p>\n\n\n\n<p>6.2 Der Dienstleister wohnt nicht im G\u00e4stehaus, Sie als Vertragsparteien nutzen das G\u00e4stehaus mit 2 Schlafzimmern, 1 Badezimmer, ausgestatteter K\u00fcche, Wohn-Esszimmer, eingez\u00e4untem Garten, Parkplatz, das sich in der Tulip\u00e1nkert Stra\u00dfe 12, 3300 Eger, Ungarn befindet, und seine Dienstleistungen als sonstige Unterkunft zu Urlaubs- und Erholungszwecken auf eigene Gefahr. Die Ger\u00e4te und Einrichtungen im Haus stehen Ihnen w\u00e4hrend Ihres Aufenthaltes zur Verf\u00fcgung.<\/p>\n\n\n\n<p>6.3 Wir tun unser M\u00f6glichstes, um die Sicherheit unserer G\u00e4ste zu gew\u00e4hrleisten, und machen sie auf m\u00f6gliche Gefahrenquellen aufmerksam, k\u00f6nnen jedoch nicht f\u00fcr ihre pers\u00f6nlichen Gegenst\u00e4nde im Haus oder auf dem kostenlosen Parkplatz oder f\u00fcr Personensch\u00e4den oder Sch\u00e4den am Haus oder seiner Umgebung aufgrund unsachgem\u00e4\u00dfer Nutzung verantwortlich gemacht werden. F\u00fcr Sch\u00e4den, die Sie am Haus, seiner Einrichtung und seiner Umgebung verursachen, sind Sie schadensersatzpflichtig.<\/p>\n\n\n\n<p>6.4 Im Falle eines Problems stehen wir Ihnen auf der Website oder unter der in diesen AGB angegebenen Telefonnummer oder E-Mail-Adresse zur Verf\u00fcgung, um Ihnen w\u00e4hrend Ihres Aufenthalts zu helfen, aber wir k\u00f6nnen keine Beschwerden annehmen, nachdem Sie abgereist sind.<\/p>\n\n\n\n<p><strong>7 Verfahren f\u00fcr die Anforderung eines Kostenvoranschlags und die Reservierung:<\/strong><\/p>\n\n\n\n<p>7.1 Auf die schriftliche Anfrage des Gastes (per E-Mail oder durch Ausf\u00fcllen des Buchungsformulars auf der Website) sendet der Dienstleister ein Angebot per E-Mail. Das Angebot kann im gegenseitigen schriftlichen Einvernehmen ge\u00e4ndert werden. Bleibt eine Antwort auf den Kostenvoranschlag aus, wird der Kostenvoranschlag nach einer Frist von 5 Tagen storniert.<\/p>\n\n\n\n<p>7.2 Die Reservierung kommt mit der schriftlichen (E-Mail) Best\u00e4tigung der Reservierung des Gastes durch den Dienstleister nach der Zahlung des Gesamtpreises f\u00fcr die Unterkunft 50% zustande und gilt somit als schriftlicher Vertrag und stellt eine automatische Annahme der Buchungs- und Stornierungsbedingungen sowie der AGB dar. Der Gast akzeptiert, dass die Anzahlung, die er im Voraus f\u00fcr die von ihm zum Zeitpunkt der Best\u00e4tigung der Reservierung stornierte Reservierung geleistet hat, vom Dienstleister nicht an den Gast zur\u00fcckerstattet wird.<\/p>\n\n\n\n<p>7.3 Eine Reservierung, Vereinbarung, \u00c4nderung oder m\u00fcndliche Best\u00e4tigung durch den Dienstleister hat keinen vertraglichen Wert.<\/p>\n\n\n\n<p>7.4 Der Inhalt des Vertrages umfasst den Gegenstand, den Ort, die Dauer, den Preis sowie die Buchungs- und Stornierungsbedingungen und die geltenden AGB.<\/p>\n\n\n\n<p>7.5 \u00c4nderungen oder Erg\u00e4nzungen des Vertrages bed\u00fcrfen der schriftlichen Vereinbarung zwischen den Parteien.<br>Sobald eine Buchung abgeschlossen und best\u00e4tigt ist, kann es m\u00f6glich sein, den Termin zu verschieben oder die Anzahl der G\u00e4ste zu \u00e4ndern, je nach Verf\u00fcgbarkeit und gegen zus\u00e4tzliche Kosten.<\/p>\n\n\n\n<p>7.6 Der Dienstanbieter Apartment ist frei, seine ausgeschriebenen Preise ohne vorherige Ank\u00fcndigung zu \u00e4ndern, es sei denn, es handelt sich um einen Zeitraum, f\u00fcr den er nicht verpflichtet ist.<\/p>\n\n\n\n<p>7.7 Die Preise enthalten die zum Zeitpunkt des Angebots geltende gesetzliche Mehrwertsteuer (MwSt.) in H\u00f6he von derzeit 27 %. Der Dienstleister wird etwaige Mehrkosten aufgrund von \u00c4nderungen des geltenden Steuerrechts (MwSt.) nach vorheriger Ank\u00fcndigung an den Vertragspartner weitergeben.<\/p>\n\n\n\n<p>7.8 Die Kurtaxe ist eine zus\u00e4tzliche Geb\u00fchr, die vor Ort zus\u00e4tzlich zum Unterkunftspreis zu entrichten ist und pro Person und Nacht berechnet wird. Die Kurtaxe ist von Personen \u00fcber 18 Jahren zu entrichten.<br>Aktuelle Erm\u00e4\u00dfigungen, Sonderangebote und sonstige Angebote werden auf der Website der CASARES Apartman Kft. bekannt gegeben.<\/p>\n\n\n\n<p><strong>8. die \u00c4nderung oder K\u00fcndigung des Dienstes<\/strong><\/p>\n\n\n\n<p><strong>8.1 Preisangebot:<\/strong><\/p>\n\n\n\n<p>Der Dienstleister sendet ein schriftliches (E-Mail-)Angebot auf die schriftliche (E-Mail-)Anfrage des Kunden. Das Angebot kann im gegenseitigen schriftlichen Einvernehmen ge\u00e4ndert werden. Bleibt eine Antwort auf den Kostenvoranschlag aus, wird der Kostenvoranschlag nach einer Nachfrist von 5 Tagen annulliert.<\/p>\n\n\n\n<p><strong>8.2. reservierungen<\/strong><\/p>\n\n\n\n<p>8.2.1 Wenn die vom Dienstleister zur Best\u00e4tigung der Reservierung geforderten 50 % nicht innerhalb der vereinbarten Frist bezahlt werden, wird die Reservierung storniert. Eine m\u00fcndliche Reservierung, Vereinbarung, \u00c4nderung oder m\u00fcndliche Best\u00e4tigung einer Reservierung, Vereinbarung oder \u00c4nderung durch den Dienstleister gilt nicht als Vertrag. Jede \u00c4nderung oder Erg\u00e4nzung einer Reservierung bedarf der schriftlichen Vereinbarung zwischen den Parteien.<\/p>\n\n\n\n<p>8.2.2 Es ist m\u00f6glich, eine best\u00e4tigte Buchung auf ein anderes Datum zu verschieben oder die Anzahl der G\u00e4ste zu \u00e4ndern, je nach Verf\u00fcgbarkeit und gegen einen Aufpreis.<\/p>\n\n\n\n<p>8.2.3 Dem G\u00e4stehaus des Dienstleisters steht es frei, seine ausgeschriebenen Preise ohne vorherige Ank\u00fcndigung zu \u00e4ndern, es sei denn, er ist nicht f\u00fcr einen bestimmten Zeitraum dazu verpflichtet.<\/p>\n\n\n\n<p><strong>9. die Bedingungen f\u00fcr die Inanspruchnahme:<\/strong><\/p>\n\n\n\n<p>9.1 Der Gast kann am Tag des Check-ins von 14:00 bis 20:00 Uhr im Hotel einchecken. Der Check-out ist bis 10 Uhr am letzten Tag des Aufenthalts m\u00f6glich. Nach vorheriger Absprache k\u00f6nnen die Check-in und Check-out Zeiten um bis zu 2 Stunden verl\u00e4ngert werden.<\/p>\n\n\n\n<p>9.2 Bei der Ankunft in der Unterkunft muss der Gast einen Identit\u00e4tsnachweis gem\u00e4\u00df der geltenden Gesetzgebung vorlegen, bevor er die Unterkunft beziehen kann. Mit dem Ausf\u00fcllen und Unterschreiben des Anmeldeformulars akzeptiert der Gast die Allgemeinen Gesch\u00e4ftsbedingungen der Unterkunft und die Hausordnung der Unterkunft.<\/p>\n\n\n\n<p>9.3 Der Beherbergungsbetrieb haftet nicht f\u00fcr Sch\u00e4den, die der Gast verursacht. Die durch den Schaden verursachten Kosten und Sch\u00e4den gehen zu Lasten des Gastes.<\/p>\n\n\n\n<p>9.4 Der Aufenthalt in den Wohnungen erfolgt f\u00fcr alle Erwachsenen auf eigene Gefahr.<\/p>\n\n\n\n<p>9.5 In den Wohnungen ist das Rauchen verboten.<\/p>\n\n\n\n<p>9.6 Die Wohnungen bieten bequem Platz f\u00fcr 4 Personen. F\u00fcr gro\u00dfe Familien mit kleinen Kindern kann eine zus\u00e4tzliche Person kostenlos untergebracht werden, ansonsten gegen einen Aufpreis, der vom Gast im Voraus mitgeteilt werden muss.<\/p>\n\n\n\n<p><strong>10. die Weigerung, eine Unterkunft zu nutzen, K\u00fcndigung des Vertrags.<\/strong><\/p>\n\n\n\n<p>10.1 Der Beherbergungsbetrieb ist berechtigt, den Vertrag zu k\u00fcndigen und die Erbringung der Leistung zu verweigern, wenn der Gast<\/p>\n\n\n\n<p>a.) nicht erf\u00fcllte Zahlungsverpflichtungen.<\/p>\n\n\n\n<p><br>b.) der Gast die Unterkunft nicht f\u00fcr den vorgesehenen Zweck nutzt<\/p>\n\n\n\n<p><br>c.) an einer \u00fcbertragbaren Krankheit leidet<\/p>\n\n\n\n<p><br>d.) unter dem Einfluss von Drogen<\/p>\n\n\n\n<p><br>e.) sich in der Wohnung und ihrer Umgebung inakzeptabel, unmoralisch, gewaltt\u00e4tig oder unvertr\u00e4glich verh\u00e4lt.<\/p>\n\n\n\n<p><br>f.) im Falle von Ursachen, die au\u00dferhalb der Kontrolle der Parteien liegen, sog. Vis Major (Krieg, Feuer, \u00dcberschwemmung, ung\u00fcnstige Wetterbedingungen, Stromausfall, Streik), auf die die Partei keinen Einfluss hat<\/p>\n\n\n\n<p><strong>11. die Rechte des Gastes<\/strong><\/p>\n\n\n\n<p>11.1 Der Gast ist berechtigt, die Unterkunft im Rahmen der Leistungen zweckentsprechend zu nutzen,<\/p>\n\n\n\n<p><br>11.2 Der Gast ist berechtigt, die Einrichtungen und Anlagen der Unterkunft zweckentsprechend zu nutzen.<\/p>\n\n\n\n<p>11.3 Bei Problemen w\u00e4hrend des Aufenthalts kann der Dienstleister telefonisch unter der Nummer +36 70 407 3838 oder schriftlich unter folgender Adresse kontaktiert werden <a href=\"mailto:info@tulipan-apartman.hu\">info@tulipan-apartman.hu<\/a> um das Problem so schnell wie m\u00f6glich zu l\u00f6sen.<\/p>\n\n\n\n<p><br>11.4 Das Recht des Gastes auf Reklamation erlischt mit dem Verlassen der Unterkunft.<\/p>\n\n\n\n<p><strong>12. pflichten des Gastes<\/strong><\/p>\n\n\n\n<p>12.1 Der Gast ist verpflichtet, die Unterkunft zu dem im Vertrag angegebenen Zeitpunkt zu verlassen und den Preis f\u00fcr die Dienstleistungen auf der Grundlage der vom Dienstleister ausgestellten Rechnung in der darin angegebenen Weise und innerhalb der darin angegebenen Frist vollst\u00e4ndig zu bezahlen.<\/p>\n\n\n\n<p><br>12.2 Die G\u00e4ste m\u00fcssen daf\u00fcr sorgen, dass Kinder unter 18 Jahren unter ihrer Aufsicht nur von einem Erwachsenen beaufsichtigt werden.<\/p>\n\n\n\n<p><br>12.3 Der Gast ist verpflichtet, dem Leistungserbringer den Schaden zu ersetzen, den er oder seine Begleitperson oder Personen unter seiner Aufsicht verursachen.<\/p>\n\n\n\n<p>12.4 Der Gast ist verpflichtet, die Schl\u00fcssel und den T\u00fcr\u00f6ffner des Appartements bei Abreise in der vereinbarten Weise zur\u00fcckzugeben.<\/p>\n\n\n\n<p><strong>13 Rechte des Diensteanbieters<\/strong><\/p>\n\n\n\n<p>13.1 Der Dienstleister ist berechtigt, den Betrag von 50 % der erhaltenen Unterkunftskosten f\u00fcr die vom Gast bestellte und abgeschlossene, aber vom Gast nicht in Anspruch genommene Unterkunftsleistung einzubehalten, wie in diesen AGB und in den Zahlungs- und Stornierungsbedingungen festgelegt.<\/p>\n\n\n\n<p><br>13.1.2 Der Dienstleister hat das Recht, die Unterkunftsleistung in den in Punkt 10.1 genannten F\u00e4llen zu verweigern oder zu beenden.<\/p>\n\n\n\n<p><strong>14. die Haftung des Dienstleisters<\/strong><\/p>\n\n\n\n<p>14.1... Der Dienstleister ist verpflichtet, die Reklamation des Gastes w\u00e4hrend des Aufenthaltes zu untersuchen und die notwendigen Schritte zur L\u00f6sung des Problems zu unternehmen.<\/p>\n\n\n\n<p><br>14.2 Der Dienstleister ist verpflichtet, dem Gast seine telefonischen Kontaktdaten mitzuteilen, um eventuelle Probleme oder Fragen, die w\u00e4hrend des Aufenthalts auftreten, zu kl\u00e4ren.<\/p>\n\n\n\n<p><br>14.3 Der Dienstleister haftet nicht f\u00fcr die vom Gast mitgebrachten Elektroger\u00e4te, und der Gast ist f\u00fcr alle durch die Ger\u00e4te verursachten Sch\u00e4den verantwortlich.<\/p>\n\n\n\n<p><br>14.4 Der Dienstleister haftet nicht f\u00fcr Sch\u00e4den, die der Gast selbst verursacht hat, oder f\u00fcr Sch\u00e4den, die durch eigenes Verschulden des Gastes oder durch eine andere Ursache, die der Gast nicht zu vertreten hat, entstanden sind.<\/p>\n\n\n\n<p><br>14.5 Der Dienstleister ist nicht verantwortlich f\u00fcr pers\u00f6nliche Gegenst\u00e4nde, Wertsachen oder Bargeld, die in den \u00f6ffentlichen Bereichen oder R\u00e4umen des Dienstleisters zur\u00fcckgelassen werden.<\/p>\n\n\n\n<p><br>14.6 Der Dienstleister haftet nicht f\u00fcr Wertgegenst\u00e4nde, die auf dem umz\u00e4unten Parkplatz des Dienstleisters zur\u00fcckgelassen werden.<\/p>\n\n\n\n<p><strong>15. zahlungs- und stornierungsbedingungen<\/strong><\/p>\n\n\n\n<p>15.1 Die Reservierung ist g\u00fcltig mit der Annahme der Buchungs- und Stornierungsbedingungen und der AGB, mit der Vorauszahlung von 50 % des gesamten Unterkunftspreises (Anzahlung) und deren Best\u00e4tigung. Wenn der geforderte Betrag nicht innerhalb der angegebenen Frist eingegangen ist, erlischt auch die Verpflichtung des Dienstleisters, die Dienstleistung anzubieten und zu erbringen.<\/p>\n\n\n\n<p><br>15.2 Die Zahlung der 50 % kann per Bank\u00fcberweisung oder per OTP, K&amp;H oder MKB (MBH) Nice Card erfolgen. Der Restbetrag des Unterkunftspreises (50 %) muss sp\u00e4testens 3 Tage vor der Ankunft mit einer der oben genannten Zahlungsarten beglichen werden. Die Kurtaxe (und die Parkgeb\u00fchr) sind vor Ort in bar oder mit Kreditkarte zu zahlen.<\/p>\n\n\n\n<p>Bei einer Stornierung innerhalb von 30 Tagen vor der Ankunft wird die Kaution nicht zur\u00fcckerstattet, kann aber jederzeit bis zum Ende der folgenden Saison verwendet werden.<\/p>\n\n\n\n<p>Bei einer Stornierung innerhalb von 7 Tagen vor der Ankunft wird der gesamte Buchungsbetrag in Rechnung gestellt.<\/p>\n\n\n\n<p><br>15.3 Die Kosten im Zusammenhang mit der Nutzung einer Zahlungsmethode gehen zu Lasten des Vertragsgastes oder seiner SZ\u00c9P-Karte\/Bankkarte.<\/p>\n\n\n\n<p>15.4 Akzeptierte Kreditkartentypen sind VISA und MASTERCARD.<\/p>\n\n\n\n<p>15.5 Die Rechnungsstellung erfolgt nach ungarischem Recht in HUF, entsprechend den bei der Buchung gemachten Angaben (vollst\u00e4ndiger Name und Adresse, Steuernummer bei Firmen).<\/p>\n\n\n\n<p><strong>16. die Pflichten und Verantwortlichkeiten des Diensteanbieters:<\/strong><\/p>\n\n\n\n<p>16.1 Der Dienstleister stellt dem Gast die Dienstleistung fortlaufend gegen Bezahlung der Zahlungsverpflichtungen des Gastes zur Verf\u00fcgung.<\/p>\n\n\n\n<p><br>16.2 Der Dienstleister haftet nicht f\u00fcr Sch\u00e4den, die durch h\u00f6here Gewalt oder andere Ursachen oder Ereignisse verursacht werden, die au\u00dferhalb der Kontrolle des Dienstleisters liegen und f\u00fcr die der Dienstleister nicht haftbar gemacht werden kann.<\/p>\n\n\n\n<p><br>16.3 Der Dienstanbieter beh\u00e4lt sich das Recht vor, die Preise zu \u00e4ndern. 16.3.3 Der Dienstleister haftet nicht f\u00fcr eventuelle Fehler auf der Website. Der Preis beinhaltet die geltenden \u00f6ffentlichen Abgaben und die allgemeine Umsatzsteuer (GST), die der Dienstleistung entsprechen, mit Ausnahme der Kurtaxe pro Person und Nacht sowie eventueller Parkgeb\u00fchren.<\/p>\n\n\n\n<p><br>16.4 Der Dienstleister speichert die Daten des Kunden zum Zwecke der Vertragserf\u00fcllung und zum Nachweis der Vertragsbedingungen, ist aber nicht berechtigt, sie ohne ausdr\u00fcckliche Zustimmung des Kunden zu Werbe- oder anderen Zwecken weiterzugeben.<\/p>\n\n\n\n<p><br>16.5 Bearbeitung von G\u00e4steberichten und Beschwerden<\/p>\n\n\n\n<p><br>Der Kunde ist verpflichtet, alle im Zusammenhang mit dem Dienst festgestellten M\u00e4ngel dem Dienstanbieter pers\u00f6nlich, telefonisch oder bei der <a href=\"mailto:info@tulipan-apartman.hu\">info@tulipan-apartman.hu<\/a> indem Sie eine E-Mail an senden. Der Dienstleister untersucht die Meldungen und Beschwerden innerhalb von 30 Tagen und informiert den Gast \u00fcber die Ergebnisse der Untersuchung in \u00dcbereinstimmung mit der Art der Meldung. Der Dienstleister f\u00fchrt ein Verzeichnis der Meldungen und Beschwerden. Der Dienstleister ergreift unverz\u00fcglich Ma\u00dfnahmen, um jeden vom Gast gemeldeten Mangel zu beheben, der sich im Ergebnis der Untersuchung als wahr herausstellt und im Interesse des Dienstleisters liegt.<\/p>\n\n\n\n<p><strong>17 Rechte und Pflichten des Gastes in Bezug auf die Zahlung<\/strong><\/p>\n\n\n\n<p>17.1 Der Gast muss das Anmeldeformular ausf\u00fcllen, bevor er die Zahlung per Kreditkarte vornimmt, und dabei genaue Angaben machen, um Probleme zu vermeiden.<\/p>\n\n\n\n<p><br>17.2 Wir haften in keiner Weise f\u00fcr unrichtige Angaben des Gastes und f\u00fcr Sch\u00e4den, die sich aus unrichtigen Angaben ergeben, auch nicht f\u00fcr Sch\u00e4den, die sich aus unrichtigen Leistungen ergeben.<\/p>\n\n\n\n<p><br>17.3 Der Gast ist verpflichtet, die Dienstleistung gem\u00e4\u00df der gew\u00e4hlten Zahlungsmethode zu bezahlen. Der Gast kann nur mit vorheriger Zustimmung des Dienstleisters von der gew\u00e4hlten Zahlungsmethode abweichen. Wenn der Gast nicht in der Lage ist, den Kaufpreis f\u00fcr die Dienstleistung zu zahlen, wird die Dienstleistung automatisch aus dem System gel\u00f6scht.<\/p>\n\n\n\n<p><br>17.4 Umgang mit Problemen, die sich aus falschen Betr\u00e4gen ergeben<\/p>\n\n\n\n<p><br>17.4.1 Wie in unseren Allgemeinen Gesch\u00e4ftsbedingungen und in unseren Buchungs- und Stornierungsbedingungen dargelegt, kann der Gast die Buchung best\u00e4tigen, indem er 50 % des gesamten Unterkunftspreises im Voraus bezahlt, der im Falle einer Stornierung nicht zur\u00fcckerstattet wird.<\/p>\n\n\n\n<p><br>17.4.2 Wenn der Gast die Zahlung eines Betrags von mehr als 50 % verlangt hat, muss er dies schriftlich tun - per E-Mail an <a href=\"mailto:info@tulipan-apartman.hu\">info@tulipan-apartman.hu<\/a> m\u00fcssen Sie den Dienstanbieter per E-Mail benachrichtigen. Das Schreiben muss den Betrag, den Zeitpunkt und die Transaktionsnummer der \u00dcberzahlung enthalten.<\/p>\n\n\n\n<p><br>17.4.3 Der Dienstleister teilt dem Gast in einem Antwortschreiben mit, dass der Dienstleister den Gesamtbetrag des Unterkunftspreises, der bei der Ankunft in der Unterkunft zu zahlen ist, um den gezahlten Betrag reduziert, wenn der gezahlte Betrag den bei der Buchung im Voraus festgelegten Betrag \u00fcbersteigt.<\/p>\n\n\n\n<p><br>17.4.4 Der Dienstleister pr\u00fcft den Sachverhalt der \u00dcberzahlung innerhalb von 30 Tagen nach der Meldung und leitet, falls die Forderung als berechtigt erachtet wird, die Gutschrift des \u00fcberzahlten Betrags ein und schreibt den \u00fcberzahlten Betrag innerhalb von 30 Tagen nach Abzug der Bankgeb\u00fchren gut. Der Kunde wird schriftlich (an die bei der Transaktion angegebene E-Mail-Adresse) \u00fcber das Ergebnis der Untersuchung informiert.<\/p>\n\n\n\n<p><strong>Datenschutz<\/strong><\/p>\n\n\n\n<p>Der Dienstleister legt Wert auf den Schutz personenbezogener Daten und trifft alle sicherheitstechnischen und organisatorischen Ma\u00dfnahmen, um die Sicherheit der Daten zu gew\u00e4hrleisten, und speichert die Daten des Gastes nur bis zum Tag des Check-outs.<\/p>\n\n\n\n<p><br>Bei der Erf\u00fcllung seiner Verpflichtungen aus dem Vertrag h\u00e4lt der Dienstleister die geltenden Rechtsvorschriften \u00fcber den Schutz personenbezogener Daten und die Weitergabe von Daten von \u00f6ffentlichem Interesse ein (derzeit Gesetz LXIII von 1992 und Gesetz CXII von 2011 \u00fcber das Recht auf Informationsselbstbestimmung und Informationsfreiheit). Der Gast nimmt zur Kenntnis, dass der Dienstleister gesetzlich verpflichtet ist, der anfragenden Beh\u00f6rde die gesetzlich vorgeschriebenen Daten zur Verf\u00fcgung zu stellen.<\/p>\n\n\n\n<p>Die Datenschutzpolitik des Dienstanbieters richtet sich nach den geltenden Rechtsvorschriften.<\/p>\n\n\n\n<p>In Angelegenheiten, die in diesen AGB nicht geregelt sind, gelten f\u00fcr die Parteien die Bestimmungen des B\u00fcrgerlichen Gesetzbuches und anderer anwendbarer Gesetze. <\/p>\n\n\n\n<p>Eger, 1. April 2023.<\/p>","protected":false},"excerpt":{"rendered":"<p>ALLGEMEINE VERTRAGSBEDINGUNGEN VON CASARES APARTMAN KERESKEDELMI UND VEND\u00c9GL\u00c1T\u00d3 Korel\u0151ss\u00e9g\u0171 T\u00e1rsas\u00e1g (T\u00e1rsas\u00e1g) GELTEND ab: 1. April 2023 Diese \"Allgemeinen Gesch\u00e4ftsbedingungen\" regeln die Nutzung der Unterkunft und der Dienstleistungen des Dienstleisters. Gem\u00e4\u00df den Allgemeinen Gesch\u00e4ftsbedingungen schlie\u00dft der Betreiber, Dienstleister, CASARES Apartman Kereskedelmi \u00e9s Vend\u00e9gl\u00e1t\u00f3 Korel\u0151ss\u00e9g\u0171 T\u00e1rsas\u00e1g (3300 Eger, Tulip\u00e1nkert utca 12.), im Folgenden Dienstleister genannt, einen Unterkunftsvertrag mit anderen [...]<\/p>","protected":false},"author":1,"featured_media":0,"parent":0,"menu_order":0,"comment_status":"closed","ping_status":"closed","template":"","meta":{"footnotes":""},"class_list":["post-318","page","type-page","status-publish","hentry"],"_links":{"self":[{"href":"https:\/\/tulipan-apartman.hu\/de\/wp-json\/wp\/v2\/pages\/318","targetHints":{"allow":["GET"]}}],"collection":[{"href":"https:\/\/tulipan-apartman.hu\/de\/wp-json\/wp\/v2\/pages"}],"about":[{"href":"https:\/\/tulipan-apartman.hu\/de\/wp-json\/wp\/v2\/types\/page"}],"author":[{"embeddable":true,"href":"https:\/\/tulipan-apartman.hu\/de\/wp-json\/wp\/v2\/users\/1"}],"replies":[{"embeddable":true,"href":"https:\/\/tulipan-apartman.hu\/de\/wp-json\/wp\/v2\/comments?post=318"}],"version-history":[{"count":2,"href":"https:\/\/tulipan-apartman.hu\/de\/wp-json\/wp\/v2\/pages\/318\/revisions"}],"predecessor-version":[{"id":327,"href":"https:\/\/tulipan-apartman.hu\/de\/wp-json\/wp\/v2\/pages\/318\/revisions\/327"}],"wp:attachment":[{"href":"https:\/\/tulipan-apartman.hu\/de\/wp-json\/wp\/v2\/media?parent=318"}],"curies":[{"name":"wp","href":"https:\/\/api.w.org\/{rel}","templated":true}]}}